{"id":54,"date":"2013-01-31T10:01:14","date_gmt":"2013-01-31T10:01:14","guid":{"rendered":"http:\/\/www.euskaleskolapublikoa.eu\/es\/?page_id=54"},"modified":"2020-09-15T13:20:28","modified_gmt":"2020-09-15T11:20:28","slug":"nortzuk-gara","status":"publish","type":"page","link":"https:\/\/www.euskaleskolapublikoa.eus\/es\/nortzuk-gara\/","title":{"rendered":"Qu\u00edenes somos"},"content":{"rendered":"<p><a href=\"https:\/\/www.euskaleskolapublikoa.eus\/wp-content\/uploads\/2019\/11\/3-scaled.png\"><img loading=\"lazy\" decoding=\"async\" class=\"size-medium wp-image-512 alignright\" src=\"https:\/\/www.euskaleskolapublikoa.eus\/wp-content\/uploads\/2019\/11\/3-300x212.png\" alt=\"\" width=\"300\" height=\"212\" srcset=\"https:\/\/www.euskaleskolapublikoa.eus\/wp-content\/uploads\/2019\/11\/3-300x212.png 300w, https:\/\/www.euskaleskolapublikoa.eus\/wp-content\/uploads\/2019\/11\/3-1024x724.png 1024w, https:\/\/www.euskaleskolapublikoa.eus\/wp-content\/uploads\/2019\/11\/3-768x543.png 768w, https:\/\/www.euskaleskolapublikoa.eus\/wp-content\/uploads\/2019\/11\/3-1536x1086.png 1536w, https:\/\/www.euskaleskolapublikoa.eus\/wp-content\/uploads\/2019\/11\/3-2048x1449.png 2048w\" sizes=\"auto, (max-width: 300px) 100vw, 300px\" \/><\/a><\/p>\n<p><strong>EHIGE<\/strong><\/p>\n<p>La Confederaci\u00f3n <strong><a href=\"https:\/\/www.ehige.eus\/es\/\">EHIGE<\/a>-Euskal Herriko Ikasleen Gurasoen Elkartea<\/strong>, agrupa a las federaciones de la ense\u00f1anza p\u00fablica <a href=\"https:\/\/www.ehige.eus\/es\/bige\/\"><strong>BIGE<\/strong><\/a>, <a href=\"https:\/\/www.ehige.eus\/es\/baikara\/\"><strong>Baikara<\/strong><\/a>, <a href=\"https:\/\/www.ehige.eus\/es\/denon-eskola\/\"><strong>Denon Eskola<\/strong><\/a>, <a href=\"http:\/\/www.ikasbi.com\/fr\/\"><strong>IkasBi<\/strong><\/a> y las <a href=\"https:\/\/www.eskolatxikiak.eus\/\"><strong>Eskola Txikiak<\/strong><\/a>. Es la asociaci\u00f3n con mayor representatividad de la Escuela Publica Vasca. Defiende la necesidad de coordinar la labor en la defensa de una Escuela P\u00fablica Vasca de calidad humana y pedag\u00f3gica, sobre la base de la uni\u00f3n de voluntades y del respeto mutuo y libertad de todos sus participantes, la consecuci\u00f3n de un Sistema Educativo propio\u2026defiende la oficialidad del euskara en todo Euskal Herria.<\/p>\n<p>EHIGE quiere conseguir una Escuela P\u00fablica euskaldun, progresista, plural, laica, innovadora, aut\u00f3noma y de gesti\u00f3n democr\u00e1tica, que defienda la plena participaci\u00f3n de las familias en todo el proceso educativo y su capacidad de decisi\u00f3n junto al resto de la Comunidad Educativa, que posibiliten la mejora permanente de la calidad de ense\u00f1anza.<\/p>\n<p>&nbsp;<\/p>\n<p><strong>HEIZE<\/strong><\/p>\n<p><a href=\"https:\/\/www.euskaleskolapublikoa.eus\/wp-content\/uploads\/2019\/11\/heize-1.png\"><img loading=\"lazy\" decoding=\"async\" class=\"size-medium wp-image-513 alignright\" src=\"https:\/\/www.euskaleskolapublikoa.eus\/wp-content\/uploads\/2019\/11\/heize-1-300x193.png\" alt=\"\" width=\"300\" height=\"193\" srcset=\"https:\/\/www.euskaleskolapublikoa.eus\/wp-content\/uploads\/2019\/11\/heize-1-300x193.png 300w, https:\/\/www.euskaleskolapublikoa.eus\/wp-content\/uploads\/2019\/11\/heize-1.png 450w\" sizes=\"auto, (max-width: 300px) 100vw, 300px\" \/><\/a><a href=\"http:\/\/www.heize.eus\">HEIZE<\/a> es la federaci\u00f3n de directoras y directores de centros de primaria y secundaria de la CAV. Surge de la uni\u00f3n de las asociaciones BIHE y Sarean, y su objetivo es representar ante diferentes agentes a colegios p\u00fablicos, equipos directivos y comunidades escolares.<\/p>\n<p>HEIZE re\u00fane a personas que defienden que la Escuela P\u00fablica tiene que ser el eje del sistema educativo. Las mujeres y los hombres que re\u00fane HEIZE han asumido el compromiso de trabajar por el empoderamiento de los centros. Su objetivo es trabajar por la continua mejora de la Escuela P\u00fablica Vasca.<\/p>\n<!-- AddThis Advanced Settings generic via filter on the_content --><!-- AddThis Share Buttons generic via filter on the_content -->","protected":false},"excerpt":{"rendered":"<p>EHIGE La Confederaci\u00f3n EHIGE-Euskal Herriko Ikasleen Gurasoen Elkartea, agrupa a las federaciones de la ense\u00f1anza p\u00fablica BIGE, Baikara, Denon Eskola, [&hellip;]<!-- AddThis Advanced Settings generic via filter on get_the_excerpt --><!-- AddThis Share Buttons generic via filter on get_the_excerpt --><\/p>\n","protected":false},"author":168,"featured_media":0,"parent":0,"menu_order":0,"comment_status":"closed","ping_status":"closed","template":"","meta":{"_exactmetrics_skip_tracking":false,"_exactmetrics_sitenote_active":false,"_exactmetrics_sitenote_note":"","_exactmetrics_sitenote_category":0,"footnotes":""},"class_list":["post-54","page","type-page","status-publish","hentry"],"aioseo_notices":[],"_links":{"self":[{"href":"https:\/\/www.euskaleskolapublikoa.eus\/es\/wp-json\/wp\/v2\/pages\/54","targetHints":{"allow":["GET"]}}],"collection":[{"href":"https:\/\/www.euskaleskolapublikoa.eus\/es\/wp-json\/wp\/v2\/pages"}],"about":[{"href":"https:\/\/www.euskaleskolapublikoa.eus\/es\/wp-json\/wp\/v2\/types\/page"}],"author":[{"embeddable":true,"href":"https:\/\/www.euskaleskolapublikoa.eus\/es\/wp-json\/wp\/v2\/users\/168"}],"replies":[{"embeddable":true,"href":"https:\/\/www.euskaleskolapublikoa.eus\/es\/wp-json\/wp\/v2\/comments?post=54"}],"version-history":[{"count":15,"href":"https:\/\/www.euskaleskolapublikoa.eus\/es\/wp-json\/wp\/v2\/pages\/54\/revisions"}],"predecessor-version":[{"id":724,"href":"https:\/\/www.euskaleskolapublikoa.eus\/es\/wp-json\/wp\/v2\/pages\/54\/revisions\/724"}],"wp:attachment":[{"href":"https:\/\/www.euskaleskolapublikoa.eus\/es\/wp-json\/wp\/v2\/media?parent=54"}],"curies":[{"name":"wp","href":"https:\/\/api.w.org\/{rel}","templated":true}]}}