{"id":175,"date":"2016-03-22T18:15:50","date_gmt":"2016-03-22T17:15:50","guid":{"rendered":"https:\/\/www.euskaleskolapublikoa.eus\/?page_id=175"},"modified":"2019-11-26T14:49:02","modified_gmt":"2019-11-26T13:49:02","slug":"euskal-eskola-publikoaren-jardunaldiak","status":"publish","type":"page","link":"https:\/\/www.euskaleskolapublikoa.eus\/es\/euskal-eskola-publikoaren-jardunaldiak\/","title":{"rendered":"Euskal Eskola Publikoaren Jardunaldiak"},"content":{"rendered":"<p><strong>HEIZE celebrar\u00e1 sus VIII. Jornadas Pedag\u00f3gicas el 12 de diciembre<\/strong><\/p>\n<p><a href=\"https:\/\/www.euskaleskolapublikoa.eus\/wp-content\/uploads\/2019\/11\/Irudiak-56.jpg\"><img loading=\"lazy\" decoding=\"async\" class=\"size-medium wp-image-497 alignright\" src=\"https:\/\/www.euskaleskolapublikoa.eus\/wp-content\/uploads\/2019\/11\/Irudiak-56-300x150.jpg\" alt=\"\" width=\"300\" height=\"150\" srcset=\"https:\/\/www.euskaleskolapublikoa.eus\/wp-content\/uploads\/2019\/11\/Irudiak-56-300x150.jpg 300w, https:\/\/www.euskaleskolapublikoa.eus\/wp-content\/uploads\/2019\/11\/Irudiak-56-1024x510.jpg 1024w, https:\/\/www.euskaleskolapublikoa.eus\/wp-content\/uploads\/2019\/11\/Irudiak-56-768x383.jpg 768w, https:\/\/www.euskaleskolapublikoa.eus\/wp-content\/uploads\/2019\/11\/Irudiak-56.jpg 1503w\" sizes=\"auto, (max-width: 300px) 100vw, 300px\" \/><\/a><a href=\"http:\/\/heize.eus\/\">HEIZE<\/a>, la federaci\u00f3n de directoras y directores de los centros educativos p\u00fablicos celebrar\u00e1 las <strong>VIII. Jornadas Pedag\u00f3gicas<\/strong> \u201cInvestigaci\u00f3n Educativa de la UPV aplicada a la mejora de las escuelas\u201d el 12 de diciembre en el edificio Barriola de la UPV, en Donostia.<\/p>\n<p>Las VIII Jornadas de la Escuela P\u00fablica Vasca, ser\u00e1n, una vez m\u00e1s, punto de encuentro de los centro p\u00fablicos y se tratar\u00e1n los aspectos m\u00e1s significativos de la educaci\u00f3n. El principal objetivo de la Escuela P\u00fablica Vasca es, partiendo de las necesidades y los retos de la sociedad vasca, crear ciudadanos y ciudadanas activos y activas.<\/p>\n<p>El objetivo de las jornadas organizadas por HEIZE es: defender la Escuela P\u00fablica como garant\u00eda de cohesi\u00f3n e igualdad de oportunidades. Al fin y al cabo no podemos olvidar que no se puede construir una sociedad sana y moderna si no trabajamos en favor de toda la sociedad.<\/p>\n<p>Programa e inscripciones: <a href=\"http:\/\/heize.eus\/jardunaldi-pedagogikoak\/\">http:\/\/heize.eus\/jardunaldi-pedagogikoak\/<\/a><\/p>\n<p>\u00a1An\u00edmate y participa!<\/p>\n<p>&nbsp;<\/p>\n<!-- AddThis Advanced Settings generic via filter on the_content --><!-- AddThis Share Buttons generic via filter on the_content -->","protected":false},"excerpt":{"rendered":"<p>HEIZE celebrar\u00e1 sus VIII. Jornadas Pedag\u00f3gicas el 12 de diciembre HEIZE, la federaci\u00f3n de directoras y directores de los centros [&hellip;]<!-- AddThis Advanced Settings generic via filter on get_the_excerpt --><!-- AddThis Share Buttons generic via filter on get_the_excerpt --><\/p>\n","protected":false},"author":168,"featured_media":0,"parent":0,"menu_order":0,"comment_status":"closed","ping_status":"closed","template":"","meta":{"_exactmetrics_skip_tracking":false,"_exactmetrics_sitenote_active":false,"_exactmetrics_sitenote_note":"","_exactmetrics_sitenote_category":0,"footnotes":""},"class_list":["post-175","page","type-page","status-publish","hentry"],"aioseo_notices":[],"_links":{"self":[{"href":"https:\/\/www.euskaleskolapublikoa.eus\/es\/wp-json\/wp\/v2\/pages\/175","targetHints":{"allow":["GET"]}}],"collection":[{"href":"https:\/\/www.euskaleskolapublikoa.eus\/es\/wp-json\/wp\/v2\/pages"}],"about":[{"href":"https:\/\/www.euskaleskolapublikoa.eus\/es\/wp-json\/wp\/v2\/types\/page"}],"author":[{"embeddable":true,"href":"https:\/\/www.euskaleskolapublikoa.eus\/es\/wp-json\/wp\/v2\/users\/168"}],"replies":[{"embeddable":true,"href":"https:\/\/www.euskaleskolapublikoa.eus\/es\/wp-json\/wp\/v2\/comments?post=175"}],"version-history":[{"count":22,"href":"https:\/\/www.euskaleskolapublikoa.eus\/es\/wp-json\/wp\/v2\/pages\/175\/revisions"}],"predecessor-version":[{"id":502,"href":"https:\/\/www.euskaleskolapublikoa.eus\/es\/wp-json\/wp\/v2\/pages\/175\/revisions\/502"}],"wp:attachment":[{"href":"https:\/\/www.euskaleskolapublikoa.eus\/es\/wp-json\/wp\/v2\/media?parent=175"}],"curies":[{"name":"wp","href":"https:\/\/api.w.org\/{rel}","templated":true}]}}